{"id":6994,"date":"2021-11-23T14:30:37","date_gmt":"2021-11-23T14:30:37","guid":{"rendered":"https:\/\/bluereefmarsa.com\/alla-scoperta-dellegitto\/"},"modified":"2025-11-11T15:55:08","modified_gmt":"2025-11-11T15:55:08","slug":"odkrywanie-egiptu","status":"publish","type":"page","link":"https:\/\/bluereefmarsa.com\/pl\/odkrywanie-egiptu\/","title":{"rendered":"Odkrywanie Egiptu"},"content":{"rendered":"<p><div class=\"fusion-fullwidth fullwidth-box fusion-builder-row-1 fusion-flex-container nonhundred-percent-fullwidth non-hundred-percent-height-scrolling\" style=\"--awb-background-position:left top;--awb-border-sizes-top:0px;--awb-border-sizes-bottom:0px;--awb-border-sizes-left:0px;--awb-border-sizes-right:0px;--awb-border-radius-top-left:0px;--awb-border-radius-top-right:0px;--awb-border-radius-bottom-right:0px;--awb-border-radius-bottom-left:0px;--awb-padding-top:4%;--awb-padding-bottom:70px;--awb-padding-bottom-medium:40px;--awb-padding-bottom-small:40px;--awb-flex-wrap:wrap;\" ><div class=\"fusion-builder-row fusion-row fusion-flex-align-items-stretch fusion-flex-content-wrap\" style=\"max-width:1216.8px;margin-left: calc(-4% \/ 2 );margin-right: calc(-4% \/ 2 );\"><div class=\"fusion-layout-column fusion_builder_column fusion-builder-column-0 fusion_builder_column_1_3 1_3 fusion-flex-column fusion-flex-align-self-stretch\" style=\"--awb-bg-color:#ffffff;--awb-bg-color-hover:#ffffff;--awb-bg-position:center center;--awb-bg-size:cover;--awb-border-color:#ebeef1;--awb-border-style:solid;--awb-width-large:33.333333333333%;--awb-margin-top-large:0px;--awb-spacing-right-large:5.76%;--awb-margin-bottom-large:20px;--awb-spacing-left-large:7.68%;--awb-width-medium:100%;--awb-spacing-right-medium:1.92%;--awb-spacing-left-medium:2.56%;--awb-width-small:100%;--awb-spacing-right-small:1.92%;--awb-spacing-left-small:1.92%;\"><div class=\"fusion-column-wrapper lazyload fusion-flex-justify-content-flex-start fusion-content-layout-column fusion-empty-column-bg-image fusion-column-has-bg-image\" data-bg-url=\"https:\/\/bluereefmarsa.com\/wp-content\/uploads\/2022\/02\/blue-reef-resort-marsa-alam-red-see-mar-rosso-bluereef_tour.jpg\" data-bg=\"https:\/\/bluereefmarsa.com\/wp-content\/uploads\/2022\/02\/blue-reef-resort-marsa-alam-red-see-mar-rosso-bluereef_tour.jpg\"><img decoding=\"async\" class=\"fusion-empty-dims-img-placeholder fusion-no-large-visibility\" aria-label=\"Blue-Reef-Resort-Marsa-Alam_tour\" src=\"data:image\/svg+xml,%3Csvg%20xmlns%3D%27http%3A%2F%2Fwww.w3.org%2F2000%2Fsvg%27%20width%3D%27700%27%20height%3D%27467%27%20viewBox%3D%270%200%20700%20467%27%3E%3Crect%20width%3D%27700%27%20height%3D%27467%27%20fill-opacity%3D%220%22%2F%3E%3C%2Fsvg%3E\"><\/div><\/div><div class=\"fusion-layout-column fusion_builder_column fusion-builder-column-1 fusion_builder_column_2_3 2_3 fusion-flex-column fusion-flex-align-self-stretch\" style=\"--awb-bg-position:right bottom;--awb-bg-blend:overlay;--awb-bg-size:cover;--awb-width-large:66.666666666667%;--awb-margin-top-large:0px;--awb-spacing-right-large:1.92%;--awb-margin-bottom-large:20px;--awb-spacing-left-large:2.88%;--awb-width-medium:100%;--awb-spacing-right-medium:1.28%;--awb-spacing-left-medium:1.92%;--awb-width-small:100%;--awb-spacing-right-small:1.92%;--awb-margin-bottom-small:30p40px;--awb-spacing-left-small:1.92%;\"><div class=\"fusion-column-wrapper fusion-flex-justify-content-flex-start fusion-content-layout-column\"><div class=\"fusion-title title fusion-title-1 fusion-title-text fusion-title-size-two\" style=\"--awb-margin-bottom:0px;--awb-margin-bottom-small:0px;--awb-margin-bottom-medium:0px;--awb-font-size:13px;\"><div class=\"title-sep-container title-sep-container-left fusion-no-large-visibility fusion-no-medium-visibility fusion-no-small-visibility\"><div class=\"title-sep sep- sep-solid\" style=\"border-color:#e0dede;\"><\/div><\/div><span class=\"awb-title-spacer fusion-no-large-visibility fusion-no-medium-visibility fusion-no-small-visibility\"><\/span><h2 class=\"fusion-title-heading title-heading-left fusion-responsive-typography-calculated\" style=\"font-family:&quot;Questrial&quot;;margin:0;letter-spacing:4px;font-size:1em;--fontSize:13;--minFontSize:13;line-height:1.69;\">ODKRYJ CUDA EGIPTU<\/h2><span class=\"awb-title-spacer\"><\/span><div class=\"title-sep-container title-sep-container-right\"><div class=\"title-sep sep- sep-solid\" style=\"border-color:#e0dede;\"><\/div><\/div><\/div><div class=\"fusion-title title fusion-title-2 fusion-title-text fusion-title-size-one\" style=\"--awb-margin-top:10px;--awb-margin-bottom-small:15px;--awb-font-size:46px;\"><div class=\"title-sep-container title-sep-container-left fusion-no-large-visibility fusion-no-medium-visibility fusion-no-small-visibility\"><div class=\"title-sep sep- sep-solid\" style=\"border-color:#e0dede;\"><\/div><\/div><span class=\"awb-title-spacer fusion-no-large-visibility fusion-no-medium-visibility fusion-no-small-visibility\"><\/span><h1 class=\"fusion-title-heading title-heading-left fusion-responsive-typography-calculated\" style=\"margin:0;font-size:1em;--fontSize:46;line-height:1.11;\">Wycieczki<\/h1><span class=\"awb-title-spacer\"><\/span><div class=\"title-sep-container title-sep-container-right\"><div class=\"title-sep sep- sep-solid\" style=\"border-color:#e0dede;\"><\/div><\/div><\/div><div class=\"fusion-separator\" style=\"align-self: flex-start;margin-right:auto;margin-top:0px;margin-bottom:20px;width:100%;max-width:100px;\"><div class=\"fusion-separator-border sep-single sep-solid\" style=\"--awb-height:20px;--awb-amount:20px;border-color:#ff8300;border-top-width:6px;\"><\/div><\/div><div class=\"fusion-text fusion-text-1\" style=\"--awb-text-transform:none;\"><p>Dzi\u0119ki Blue Reef Resort mo\u017cesz odwiedzi\u0107 niekt\u00f3re z najbardziej urzekaj\u0105cych miejsc w Egipcie.<br \/>W hotelu znajd\u0105 Pa\u0144stwo przedstawicieli biur podr\u00f3\u017cy, kt\u00f3re przedstawi\u0105 bogat\u0105 ofert\u0119 wycieczek i r\u00f3\u017cnorodne propozycje aktywnego sp\u0119dzania czasu w trakcie zwiedzania okolicy.<br \/>Wyjed\u017a z hotelu i zobacz staro\u017cytny Egipt, odwiedzaj\u0105c najs\u0142ynniejsze atrakcje archeologiczne wzd\u0142u\u017c Nilu: Luksor, Asuan, Karnak i Dolin\u0119 Kr\u00f3l\u00f3w. Odkryj pustyni\u0119 lub prze\u017cyj przygod\u0119 na quadach. Czeka na Ciebie wiele miejsc, zar\u00f3wno na l\u0105dzie, jak i na morzu; nie przegap cudownych pla\u017c Morza Czerwonego.<\/p>\n<p>&nbsp;<\/p>\n<\/div><\/div><\/div><div class=\"fusion-layout-column fusion_builder_column fusion-builder-column-2 fusion_builder_column_1_1 1_1 fusion-flex-column\" style=\"--awb-bg-size:cover;--awb-width-large:100%;--awb-margin-top-large:0px;--awb-spacing-right-large:1.92%;--awb-margin-bottom-large:20px;--awb-spacing-left-large:1.92%;--awb-width-medium:100%;--awb-order-medium:0;--awb-spacing-right-medium:1.92%;--awb-spacing-left-medium:1.92%;--awb-width-small:100%;--awb-order-small:0;--awb-spacing-right-small:1.92%;--awb-spacing-left-small:1.92%;\"><div class=\"fusion-column-wrapper fusion-column-has-shadow fusion-flex-justify-content-flex-start fusion-content-layout-column\"><div class=\"fusion-image-carousel fusion-image-carousel-auto fusion-image-carousel-1 lightbox-enabled fusion-carousel-border\"><div class=\"awb-carousel awb-swiper awb-swiper-carousel awb-carousel--carousel awb-swiper-dots-position-bottom\" data-layout=\"carousel\" data-autoplay=\"no\" data-autoplayspeed=\"4000\" data-autoplaypause=\"no\" data-columns=\"4\" data-columnsmedium=\"1\" data-columnssmall=\"1\" data-itemmargin=\"11\" data-itemwidth=\"180\" data-touchscroll=\"no\" data-freemode=\"no\" data-imagesize=\"auto\" data-scrollitems=\"0\" data-centeredslides=\"no\" data-rotationangle=\"50\" data-depth=\"100\" data-speed=\"500\" data-shadow=\"no\" data-pagination=\"bullets\" style=\"--awb-columns:4;--awb-column-spacing:11px;--awb-border-width:1px;--awb-border-color:#e9eaee;\"><div class=\"swiper-wrapper awb-image-carousel-wrapper fusion-flex-align-items-center\"><div class=\"swiper-slide\"><div class=\"fusion-carousel-item-wrapper\"><div class=\"fusion-image-wrapper hover-type-zoomin\"><a data-rel=\"iLightbox[image_carousel_1]\" data-caption=\"Blue-Reef-Resort-marsa-alam-tour\" data-title=\"Blue-Reef-Resort-marsa-alam_tour_03\" aria-label=\"Blue-Reef-Resort-marsa-alam_tour_03\" href=\"https:\/\/bluereefmarsa.com\/wp-content\/uploads\/2022\/02\/blue-reef-resort-marsa-alam-red-see-mar-rosso-bluereef_tour_03-scaled.jpg\" target=\"_self\"><img decoding=\"async\" width=\"2532\" height=\"1688\" src=\"https:\/\/bluereefmarsa.com\/wp-content\/uploads\/2022\/02\/blue-reef-resort-marsa-alam-red-see-mar-rosso-bluereef_tour_03-scaled.jpg\" class=\"attachment-full size-full lazyload\" alt=\"escursioni nel deserto - cammellata\" srcset=\"data:image\/svg+xml,%3Csvg%20xmlns%3D%27http%3A%2F%2Fwww.w3.org%2F2000%2Fsvg%27%20width%3D%272532%27%20height%3D%271688%27%20viewBox%3D%270%200%202532%201688%27%3E%3Crect%20width%3D%272532%27%20height%3D%271688%27%20fill-opacity%3D%220%22%2F%3E%3C%2Fsvg%3E\" data-orig-src=\"https:\/\/bluereefmarsa.com\/wp-content\/uploads\/2022\/02\/blue-reef-resort-marsa-alam-red-see-mar-rosso-bluereef_tour_03-scaled.jpg\" data-srcset=\"https:\/\/bluereefmarsa.com\/wp-content\/uploads\/2022\/02\/blue-reef-resort-marsa-alam-red-see-mar-rosso-bluereef_tour_03-200x133.jpg 200w, https:\/\/bluereefmarsa.com\/wp-content\/uploads\/2022\/02\/blue-reef-resort-marsa-alam-red-see-mar-rosso-bluereef_tour_03-400x267.jpg 400w, https:\/\/bluereefmarsa.com\/wp-content\/uploads\/2022\/02\/blue-reef-resort-marsa-alam-red-see-mar-rosso-bluereef_tour_03-600x400.jpg 600w, https:\/\/bluereefmarsa.com\/wp-content\/uploads\/2022\/02\/blue-reef-resort-marsa-alam-red-see-mar-rosso-bluereef_tour_03-800x533.jpg 800w, https:\/\/bluereefmarsa.com\/wp-content\/uploads\/2022\/02\/blue-reef-resort-marsa-alam-red-see-mar-rosso-bluereef_tour_03-1200x800.jpg 1200w, https:\/\/bluereefmarsa.com\/wp-content\/uploads\/2022\/02\/blue-reef-resort-marsa-alam-red-see-mar-rosso-bluereef_tour_03-scaled.jpg 2532w\" data-sizes=\"auto\" \/><\/a><\/div><\/div><\/div><div class=\"swiper-slide\"><div class=\"fusion-carousel-item-wrapper\"><div class=\"fusion-image-wrapper hover-type-zoomin\"><a data-rel=\"iLightbox[image_carousel_1]\" data-caption=\"Blue-Reef-Resort-Marsa-Alam_tour_01\" data-title=\"BlueReef_tour_01\" aria-label=\"BlueReef_tour_01\" href=\"https:\/\/bluereefmarsa.com\/wp-content\/uploads\/2022\/02\/blue-reef-resort-marsa-alam-red-see-mar-rosso-bluereef_tour_01.jpg\" target=\"_self\"><img decoding=\"async\" width=\"900\" height=\"600\" src=\"https:\/\/bluereefmarsa.com\/wp-content\/uploads\/2022\/02\/blue-reef-resort-marsa-alam-red-see-mar-rosso-bluereef_tour_01.jpg\" class=\"attachment-full size-full lazyload\" alt=\"escursioni antico Egitto\" srcset=\"data:image\/svg+xml,%3Csvg%20xmlns%3D%27http%3A%2F%2Fwww.w3.org%2F2000%2Fsvg%27%20width%3D%27900%27%20height%3D%27600%27%20viewBox%3D%270%200%20900%20600%27%3E%3Crect%20width%3D%27900%27%20height%3D%27600%27%20fill-opacity%3D%220%22%2F%3E%3C%2Fsvg%3E\" data-orig-src=\"https:\/\/bluereefmarsa.com\/wp-content\/uploads\/2022\/02\/blue-reef-resort-marsa-alam-red-see-mar-rosso-bluereef_tour_01.jpg\" data-srcset=\"https:\/\/bluereefmarsa.com\/wp-content\/uploads\/2022\/02\/blue-reef-resort-marsa-alam-red-see-mar-rosso-bluereef_tour_01-200x133.jpg 200w, https:\/\/bluereefmarsa.com\/wp-content\/uploads\/2022\/02\/blue-reef-resort-marsa-alam-red-see-mar-rosso-bluereef_tour_01-400x267.jpg 400w, https:\/\/bluereefmarsa.com\/wp-content\/uploads\/2022\/02\/blue-reef-resort-marsa-alam-red-see-mar-rosso-bluereef_tour_01-600x400.jpg 600w, https:\/\/bluereefmarsa.com\/wp-content\/uploads\/2022\/02\/blue-reef-resort-marsa-alam-red-see-mar-rosso-bluereef_tour_01-800x533.jpg 800w, https:\/\/bluereefmarsa.com\/wp-content\/uploads\/2022\/02\/blue-reef-resort-marsa-alam-red-see-mar-rosso-bluereef_tour_01.jpg 900w\" data-sizes=\"auto\" \/><\/a><\/div><\/div><\/div><div class=\"swiper-slide\"><div class=\"fusion-carousel-item-wrapper\"><div class=\"fusion-image-wrapper hover-type-zoomin\"><a data-rel=\"iLightbox[image_carousel_1]\" data-caption=\"\" href=\"https:\/\/bluereefmarsa.com\/wp-content\/uploads\/2021\/12\/GorgoniaBeachResort_Tour_luxor.jpg\" target=\"_self\"><\/a><\/div><\/div><\/div><div class=\"swiper-slide\"><div class=\"fusion-carousel-item-wrapper\"><div class=\"fusion-image-wrapper hover-type-zoomin\"><a data-rel=\"iLightbox[image_carousel_1]\" data-caption=\"\" href=\"https:\/\/bluereefmarsa.com\/wp-content\/uploads\/2022\/02\/BlueReef_tour_02.jpg\" target=\"_self\"><\/a><\/div><\/div><\/div><\/div><div class=\"awb-swiper-button awb-swiper-button-prev\"><i class=\"awb-icon-angle-left\" aria-hidden=\"true\"><\/i><\/div><div class=\"awb-swiper-button awb-swiper-button-next\"><i class=\"awb-icon-angle-right\" aria-hidden=\"true\"><\/i><\/div><\/div><\/div><\/div><\/div><\/div><\/div><\/p>\n","protected":false},"excerpt":{"rendered":"","protected":false},"author":4,"featured_media":0,"parent":0,"menu_order":0,"comment_status":"closed","ping_status":"closed","template":"100-width.php","meta":{"footnotes":""},"class_list":["post-6994","page","type-page","status-publish","hentry"],"yoast_head":"<!-- This site is optimized with the Yoast SEO plugin v26.3 - https:\/\/yoast.com\/wordpress\/plugins\/seo\/ -->\n<title>Odkrywanie Egiptu - Blue Reef Resort |<\/title>\n<meta name=\"description\" content=\"Blue Reef Resort oferuje Pa\u0144stwu mo\u017cliwo\u015b\u0107 odwiedzenia najbardziej malowniczych miejsc w Egipcie: Luksoru, Asuanu, Karnaku i Doliny Kr\u00f3l\u00f3w.\" \/>\n<meta name=\"robots\" content=\"index, follow, max-snippet:-1, max-image-preview:large, max-video-preview:-1\" \/>\n<link rel=\"canonical\" href=\"https:\/\/bluereefmarsa.com\/pl\/odkrywanie-egiptu\/\" \/>\n<meta property=\"og:locale\" content=\"pl_PL\" \/>\n<meta property=\"og:type\" content=\"article\" \/>\n<meta property=\"og:title\" content=\"Odkrywanie Egiptu - Blue Reef Resort |\" \/>\n<meta property=\"og:description\" content=\"Blue Reef Resort oferuje Pa\u0144stwu mo\u017cliwo\u015b\u0107 odwiedzenia najbardziej malowniczych miejsc w Egipcie: Luksoru, Asuanu, Karnaku i Doliny Kr\u00f3l\u00f3w.\" \/>\n<meta property=\"og:url\" content=\"https:\/\/bluereefmarsa.com\/pl\/odkrywanie-egiptu\/\" \/>\n<meta property=\"og:site_name\" content=\"Blue Reef Resort |\" \/>\n<meta property=\"article:modified_time\" content=\"2025-11-11T15:55:08+00:00\" \/>\n<meta name=\"twitter:card\" content=\"summary_large_image\" \/>\n<meta name=\"twitter:label1\" content=\"Szacowany czas czytania\" \/>\n\t<meta name=\"twitter:data1\" content=\"2 minuty\" \/>\n<script type=\"application\/ld+json\" class=\"yoast-schema-graph\">{\"@context\":\"https:\/\/schema.org\",\"@graph\":[{\"@type\":\"WebPage\",\"@id\":\"https:\/\/bluereefmarsa.com\/pl\/odkrywanie-egiptu\/\",\"url\":\"https:\/\/bluereefmarsa.com\/pl\/odkrywanie-egiptu\/\",\"name\":\"Odkrywanie Egiptu - Blue Reef Resort |\",\"isPartOf\":{\"@id\":\"https:\/\/bluereefmarsa.com\/pl\/#website\"},\"datePublished\":\"2021-11-23T14:30:37+00:00\",\"dateModified\":\"2025-11-11T15:55:08+00:00\",\"description\":\"Blue Reef Resort oferuje Pa\u0144stwu mo\u017cliwo\u015b\u0107 odwiedzenia najbardziej malowniczych miejsc w Egipcie: Luksoru, Asuanu, Karnaku i Doliny Kr\u00f3l\u00f3w.\",\"breadcrumb\":{\"@id\":\"https:\/\/bluereefmarsa.com\/pl\/odkrywanie-egiptu\/#breadcrumb\"},\"inLanguage\":\"pl-PL\",\"potentialAction\":[{\"@type\":\"ReadAction\",\"target\":[\"https:\/\/bluereefmarsa.com\/pl\/odkrywanie-egiptu\/\"]}]},{\"@type\":\"BreadcrumbList\",\"@id\":\"https:\/\/bluereefmarsa.com\/pl\/odkrywanie-egiptu\/#breadcrumb\",\"itemListElement\":[{\"@type\":\"ListItem\",\"position\":1,\"name\":\"Home\",\"item\":\"https:\/\/bluereefmarsa.com\/pl\/\"},{\"@type\":\"ListItem\",\"position\":2,\"name\":\"Odkrywanie Egiptu\"}]},{\"@type\":\"WebSite\",\"@id\":\"https:\/\/bluereefmarsa.com\/pl\/#website\",\"url\":\"https:\/\/bluereefmarsa.com\/pl\/\",\"name\":\"Blue Reef Resort |\",\"description\":\"K\u0105piel w Morzu Czerwonym | Oficjalna strona |\",\"publisher\":{\"@id\":\"https:\/\/bluereefmarsa.com\/pl\/#organization\"},\"potentialAction\":[{\"@type\":\"SearchAction\",\"target\":{\"@type\":\"EntryPoint\",\"urlTemplate\":\"https:\/\/bluereefmarsa.com\/pl\/?s={search_term_string}\"},\"query-input\":{\"@type\":\"PropertyValueSpecification\",\"valueRequired\":true,\"valueName\":\"search_term_string\"}}],\"inLanguage\":\"pl-PL\"},{\"@type\":\"Organization\",\"@id\":\"https:\/\/bluereefmarsa.com\/pl\/#organization\",\"name\":\"Blue Reef Resort\",\"url\":\"https:\/\/bluereefmarsa.com\/pl\/\",\"logo\":{\"@type\":\"ImageObject\",\"inLanguage\":\"pl-PL\",\"@id\":\"https:\/\/bluereefmarsa.com\/pl\/#\/schema\/logo\/image\/\",\"url\":\"https:\/\/bluereefmarsa.com\/wp-content\/uploads\/2022\/01\/Bluereef_logo_Large_Blue.png\",\"contentUrl\":\"https:\/\/bluereefmarsa.com\/wp-content\/uploads\/2022\/01\/Bluereef_logo_Large_Blue.png\",\"width\":1093,\"height\":492,\"caption\":\"Blue Reef Resort\"},\"image\":{\"@id\":\"https:\/\/bluereefmarsa.com\/pl\/#\/schema\/logo\/image\/\"}}]}<\/script>\n<!-- \/ Yoast SEO plugin. -->","yoast_head_json":{"title":"Odkrywanie Egiptu - Blue Reef Resort |","description":"Blue Reef Resort oferuje Pa\u0144stwu mo\u017cliwo\u015b\u0107 odwiedzenia najbardziej malowniczych miejsc w Egipcie: Luksoru, Asuanu, Karnaku i Doliny Kr\u00f3l\u00f3w.","robots":{"index":"index","follow":"follow","max-snippet":"max-snippet:-1","max-image-preview":"max-image-preview:large","max-video-preview":"max-video-preview:-1"},"canonical":"https:\/\/bluereefmarsa.com\/pl\/odkrywanie-egiptu\/","og_locale":"pl_PL","og_type":"article","og_title":"Odkrywanie Egiptu - Blue Reef Resort |","og_description":"Blue Reef Resort oferuje Pa\u0144stwu mo\u017cliwo\u015b\u0107 odwiedzenia najbardziej malowniczych miejsc w Egipcie: Luksoru, Asuanu, Karnaku i Doliny Kr\u00f3l\u00f3w.","og_url":"https:\/\/bluereefmarsa.com\/pl\/odkrywanie-egiptu\/","og_site_name":"Blue Reef Resort |","article_modified_time":"2025-11-11T15:55:08+00:00","twitter_card":"summary_large_image","twitter_misc":{"Szacowany czas czytania":"2 minuty"},"schema":{"@context":"https:\/\/schema.org","@graph":[{"@type":"WebPage","@id":"https:\/\/bluereefmarsa.com\/pl\/odkrywanie-egiptu\/","url":"https:\/\/bluereefmarsa.com\/pl\/odkrywanie-egiptu\/","name":"Odkrywanie Egiptu - Blue Reef Resort |","isPartOf":{"@id":"https:\/\/bluereefmarsa.com\/pl\/#website"},"datePublished":"2021-11-23T14:30:37+00:00","dateModified":"2025-11-11T15:55:08+00:00","description":"Blue Reef Resort oferuje Pa\u0144stwu mo\u017cliwo\u015b\u0107 odwiedzenia najbardziej malowniczych miejsc w Egipcie: Luksoru, Asuanu, Karnaku i Doliny Kr\u00f3l\u00f3w.","breadcrumb":{"@id":"https:\/\/bluereefmarsa.com\/pl\/odkrywanie-egiptu\/#breadcrumb"},"inLanguage":"pl-PL","potentialAction":[{"@type":"ReadAction","target":["https:\/\/bluereefmarsa.com\/pl\/odkrywanie-egiptu\/"]}]},{"@type":"BreadcrumbList","@id":"https:\/\/bluereefmarsa.com\/pl\/odkrywanie-egiptu\/#breadcrumb","itemListElement":[{"@type":"ListItem","position":1,"name":"Home","item":"https:\/\/bluereefmarsa.com\/pl\/"},{"@type":"ListItem","position":2,"name":"Odkrywanie Egiptu"}]},{"@type":"WebSite","@id":"https:\/\/bluereefmarsa.com\/pl\/#website","url":"https:\/\/bluereefmarsa.com\/pl\/","name":"Blue Reef Resort |","description":"K\u0105piel w Morzu Czerwonym | Oficjalna strona |","publisher":{"@id":"https:\/\/bluereefmarsa.com\/pl\/#organization"},"potentialAction":[{"@type":"SearchAction","target":{"@type":"EntryPoint","urlTemplate":"https:\/\/bluereefmarsa.com\/pl\/?s={search_term_string}"},"query-input":{"@type":"PropertyValueSpecification","valueRequired":true,"valueName":"search_term_string"}}],"inLanguage":"pl-PL"},{"@type":"Organization","@id":"https:\/\/bluereefmarsa.com\/pl\/#organization","name":"Blue Reef Resort","url":"https:\/\/bluereefmarsa.com\/pl\/","logo":{"@type":"ImageObject","inLanguage":"pl-PL","@id":"https:\/\/bluereefmarsa.com\/pl\/#\/schema\/logo\/image\/","url":"https:\/\/bluereefmarsa.com\/wp-content\/uploads\/2022\/01\/Bluereef_logo_Large_Blue.png","contentUrl":"https:\/\/bluereefmarsa.com\/wp-content\/uploads\/2022\/01\/Bluereef_logo_Large_Blue.png","width":1093,"height":492,"caption":"Blue Reef Resort"},"image":{"@id":"https:\/\/bluereefmarsa.com\/pl\/#\/schema\/logo\/image\/"}}]}},"_links":{"self":[{"href":"https:\/\/bluereefmarsa.com\/pl\/wp-json\/wp\/v2\/pages\/6994","targetHints":{"allow":["GET"]}}],"collection":[{"href":"https:\/\/bluereefmarsa.com\/pl\/wp-json\/wp\/v2\/pages"}],"about":[{"href":"https:\/\/bluereefmarsa.com\/pl\/wp-json\/wp\/v2\/types\/page"}],"author":[{"embeddable":true,"href":"https:\/\/bluereefmarsa.com\/pl\/wp-json\/wp\/v2\/users\/4"}],"replies":[{"embeddable":true,"href":"https:\/\/bluereefmarsa.com\/pl\/wp-json\/wp\/v2\/comments?post=6994"}],"version-history":[{"count":4,"href":"https:\/\/bluereefmarsa.com\/pl\/wp-json\/wp\/v2\/pages\/6994\/revisions"}],"predecessor-version":[{"id":7002,"href":"https:\/\/bluereefmarsa.com\/pl\/wp-json\/wp\/v2\/pages\/6994\/revisions\/7002"}],"wp:attachment":[{"href":"https:\/\/bluereefmarsa.com\/pl\/wp-json\/wp\/v2\/media?parent=6994"}],"curies":[{"name":"wp","href":"https:\/\/api.w.org\/{rel}","templated":true}]}}